{"id":770,"date":"2021-05-10T13:20:01","date_gmt":"2021-05-10T18:20:01","guid":{"rendered":"http:\/\/rerc-arcic.ca\/?page_id=770"},"modified":"2021-05-10T14:21:29","modified_gmt":"2021-05-10T19:21:29","slug":"faq","status":"publish","type":"page","link":"https:\/\/rerc-arcic.ca\/index.php\/fr\/faq\/","title":{"rendered":"FAQ"},"content":{"rendered":"\n<h2 class=\"wp-block-heading\">Foire aux questions&nbsp;<\/h2>\n\n\n\n<p>Les points suivants permettent de r\u00e9pondre aux questions relatives au projet et au sondage national. Si vous souhaitez obtenir de plus amples informations, n&#8217;h\u00e9sitez pas \u00e0 contacter l&#8217;\u00e9quipe de conception du sondage \u00e0 l&#8217;adresse suivante&nbsp;:&nbsp;<a href=\"mailto:RERC-Survey@CamProf.com\">RERC-Survey@CamProf.com<\/a>.<\/p>\n\n\n\n<p class=\"has-text-color has-medium-font-size has-vivid-red-color\">Objectif du sondage<\/p>\n\n\n\n<p><strong>Pourquoi m&#8217;a-t-on demand\u00e9 de r\u00e9pondre \u00e0 ce sondage?<\/strong><\/p>\n\n\n\n<p>Tous les professionnels du courtage immobilier du Canada ont \u00e9t\u00e9 invit\u00e9s \u00e0 participer. Les organismes de r\u00e9glementation recueillent des renseignements sur vos exp\u00e9riences afin de valider les nouveaux profils de comp\u00e9tences. Cette \u00e9tape permet de s&#8217;assurer que le profil refl\u00e8te fid\u00e8lement votre travail quotidien et tient compte des tendances actuelles de la profession.<\/p>\n\n\n\n<p><strong>Pourquoi devrais-je m&#8217;int\u00e9resser aux comp\u00e9tences?<\/strong><\/p>\n\n\n\n<p>Les comp\u00e9tences d\u00e9finissent ce que vous et tous les professionnels du courtage immobilier devez savoir et accomplir. Elles ont de nombreuses utilit\u00e9s, mais elles constituent avant tout la base de l&#8217;\u00e9ducation, de la formation et de la d\u00e9livrance des permis. Elles sont utilis\u00e9es par les organismes de r\u00e9glementation pour s&#8217;assurer que le public canadien re\u00e7oit un service s\u00fbr et efficace de la part de tous les professionnels. Les comp\u00e9tences sont \u00e9galement utilis\u00e9es par les employeurs et les professionnels en courtage immobilier (comme vous) pour \u00e9valuer les comp\u00e9tences et d\u00e9terminer les besoins d&#8217;apprentissage personnels.<\/p>\n\n\n\n<p><strong>Les organismes de r\u00e9glementation pensent-ils que nous n&#8217;avons pas les comp\u00e9tences requises?<\/strong><\/p>\n\n\n\n<p>Pas du tout. Le d\u00e9veloppement et la mise en application des comp\u00e9tences constituent une pratique standard pour de nombreuses professions. Les comp\u00e9tences servent \u00e0 \u00e9tablir une r\u00e9f\u00e9rence par rapport \u00e0 laquelle tous les professionnels de l&#8217;immobilier peuvent \u00eatre form\u00e9s et \u00e9valu\u00e9s. Passez en revue les comp\u00e9tences avec un coll\u00e8gue et abordez celles que vous avez d\u00e9j\u00e0 appliqu\u00e9es ou ma\u00eetris\u00e9es!<\/p>\n\n\n\n<p class=\"has-text-color has-medium-font-size has-vivid-red-color\">Acc\u00e9der au sondage et le parcourir<\/p>\n\n\n\n<p><strong>Puis-je acc\u00e9der au sondage et y revenir plus tard?<\/strong><\/p>\n\n\n\n<p>Oui, le sondage restera accessible jusqu&#8217;au 31&nbsp;mai&nbsp;2021.<\/p>\n\n\n\n<p><strong>Puis-je commencer le sondage sur mon cellulaire et le terminer sur mon ordinateur portable?<\/strong><\/p>\n\n\n\n<p>Malheureusement, si vous changez d&#8217;appareil entre les sessions, vos r\u00e9ponses ne seront pas transf\u00e9r\u00e9es. Veuillez utiliser le m\u00eame appareil du d\u00e9but \u00e0 la fin.<\/p>\n\n\n\n<p><strong>Mes r\u00e9ponses sont-elles vraiment anonymes?<\/strong><\/p>\n\n\n\n<p>Oui. Les r\u00e9ponses seront communiqu\u00e9es \u00e0 l&#8217;ARCIC sous forme agr\u00e9g\u00e9e uniquement.<\/p>\n\n\n\n<p class=\"has-text-color has-medium-font-size has-vivid-red-color\">R\u00e9pondre aux questions<\/p>\n\n\n\n<p><strong>Que faire si je pense qu&#8217;une comp\u00e9tence se situe entre deux niveaux de r\u00e9ponse?<\/strong><\/p>\n\n\n\n<p>Choisissez le niveau qui vous semble le plus appropri\u00e9. Au cours de la phase d&#8217;analyse, les consultants examineront attentivement les comp\u00e9tences qui ne re\u00e7oivent pas une \u00e9valuation claire ou unanime.<\/p>\n\n\n\n<p><strong>Pourquoi posez-vous des questions aussi personnelles \u00e0 la fin du sondage?&nbsp;<\/strong><\/p>\n\n\n\n<p>Le sondage vise \u00e0 recueillir des informations aupr\u00e8s des professionnels du courtage immobilier afin de s&#8217;assurer que le profil refl\u00e8te les besoins et les exp\u00e9riences de chacun. Il est important que nous recueillions les commentaires de personnes qui refl\u00e8tent la diversit\u00e9 des professionnels du courtage immobilier et du public afin de nous aider \u00e0 rep\u00e9rer les angles morts (ou les pr\u00e9jug\u00e9s) qui d\u00e9savantagent certaines personnes et en avantagent d&#8217;autres. Nous souhaitons que la version finale des profils de comp\u00e9tences refl\u00e8te les opinions et les besoins des minorit\u00e9s.&nbsp;<\/p>\n\n\n\n<p class=\"has-text-color has-medium-font-size has-vivid-red-color\">Perspectives nationales et provinciales<\/p>\n\n\n\n<p><strong>Ce projet va-t-il changer la fa\u00e7on dont les professionnels du courtage immobilier sont r\u00e9glement\u00e9s?<\/strong><\/p>\n\n\n\n<p>Non. Un profil de comp\u00e9tences constitue le point de r\u00e9f\u00e9rence utilis\u00e9 principalement par les professionnels pour s&#8217;inscrire et commencer \u00e0 exercer.<\/p>\n\n\n\n<p><strong>Je n&#8217;ai jamais entendu parler des Autorit\u00e9s de r\u00e9glementation du courtage immobilier du Canada (ARCIC). Est-ce une nouvelle organisation?&nbsp;<\/strong><\/p>\n\n\n\n<p>ARCIC sont un regroupement volontaire et sans but lucratif d&#8217;organismes de r\u00e9glementation provinciaux et territoriaux qui ont d\u00e9cid\u00e9 de collaborer afin de contribuer aux efforts de chaque membre pour atteindre et maintenir l&#8217;excellence en mati\u00e8re de r\u00e9glementation. \u00c0 cette fin, ils \u00e9changent des informations et \u00e9laborent des normes et des strat\u00e9gies communes pour traiter des enjeux r\u00e9glementaires communs. Pour de plus amples informations, veuillez consulter le site&nbsp;<a href=\"https:\/\/rerc-arcic.ca\/index.php\/fr\/accueil\/\">https:\/\/rerc-arcic.ca\/index.php\/fr\/accueil\/<\/a>.<\/p>\n\n\n\n<p><strong>Qu&#8217;adviendra-t-il des organismes de r\u00e9glementation provinciaux\/territoriaux? Les ARCIC vont-elles devenir le nouvel organisme de r\u00e9glementation?<\/strong><\/p>\n\n\n\n<p>Les ARCIC ne sont&nbsp;pas&nbsp;un organisme de r\u00e9glementation. Les organismes de r\u00e9glementation ont simplement cr\u00e9\u00e9 l\u2019occasion de travailler ensemble. Les organismes provinciaux\/territoriaux continuent d&#8217;exercer leurs activit\u00e9s en vertu de leur l\u00e9gislation et de leur mandat respectifs.<\/p>\n","protected":false},"excerpt":{"rendered":"<p>Foire aux questions&nbsp; Les points suivants permettent de r\u00e9pondre aux questions relatives au projet et au sondage national. Si vous souhaitez obtenir de plus amples informations, n&#8217;h\u00e9sitez pas \u00e0 contacter l&#8217;\u00e9quipe de conception du sondage \u00e0 l&#8217;adresse suivante&nbsp;:&nbsp;RERC-Survey@CamProf.com. Objectif du sondage<span class=\"excerpt-hellip\"> [\u2026]<\/span><\/p>\n","protected":false},"author":5,"featured_media":0,"parent":0,"menu_order":0,"comment_status":"closed","ping_status":"closed","template":"","meta":{"footnotes":""},"class_list":["post-770","page","type-page","status-publish","hentry"],"_links":{"self":[{"href":"https:\/\/rerc-arcic.ca\/index.php\/wp-json\/wp\/v2\/pages\/770","targetHints":{"allow":["GET"]}}],"collection":[{"href":"https:\/\/rerc-arcic.ca\/index.php\/wp-json\/wp\/v2\/pages"}],"about":[{"href":"https:\/\/rerc-arcic.ca\/index.php\/wp-json\/wp\/v2\/types\/page"}],"author":[{"embeddable":true,"href":"https:\/\/rerc-arcic.ca\/index.php\/wp-json\/wp\/v2\/users\/5"}],"replies":[{"embeddable":true,"href":"https:\/\/rerc-arcic.ca\/index.php\/wp-json\/wp\/v2\/comments?post=770"}],"version-history":[{"count":4,"href":"https:\/\/rerc-arcic.ca\/index.php\/wp-json\/wp\/v2\/pages\/770\/revisions"}],"predecessor-version":[{"id":782,"href":"https:\/\/rerc-arcic.ca\/index.php\/wp-json\/wp\/v2\/pages\/770\/revisions\/782"}],"wp:attachment":[{"href":"https:\/\/rerc-arcic.ca\/index.php\/wp-json\/wp\/v2\/media?parent=770"}],"curies":[{"name":"wp","href":"https:\/\/api.w.org\/{rel}","templated":true}]}}